{"id":7997,"date":"2024-07-15T21:18:31","date_gmt":"2024-07-15T21:18:31","guid":{"rendered":"https:\/\/stiraq.com\/?post_type=product&#038;p=7997"},"modified":"2024-08-09T15:19:52","modified_gmt":"2024-08-09T15:19:52","slug":"%d9%88%d8%a7%d9%8a%d8%b1-2220-%d8%a8%d8%a7%d9%86%d8%b2%d8%b1","status":"publish","type":"product","link":"https:\/\/stiraq.com\/ar\/product\/%d9%88%d8%a7%d9%8a%d8%b1-2220-%d8%a8%d8%a7%d9%86%d8%b2%d8%b1\/","title":{"rendered":"\u0648\u0627\u064a\u0631 2220 \u0628\u0627\u0646\u0632\u0631"},"content":{"rendered":"<p>USB \u0627\u0644\u0633\u0644\u0643\u064a\u0629 QR \u0627\u0644\u0645\u0627\u0633\u062d \u0627\u0644\u0636\u0648\u0626\u064a \u060c 1D \u0648 2D \u0642\u0627\u0631\u0626 \u0627\u0644\u0628\u0627\u0631\u0643\u0648\u062f<br \/>\n\u0644\u0645\u0627\u0630\u0627 \u062a\u062e\u062a\u0627\u0631 \u0645\u0627\u0633\u062d \u0627\u0644\u0628\u0627\u0631\u0643\u0648\u062f \u0627\u0644\u0644\u0627\u0633\u0644\u0643\u064a PANZER\u061f<\/p>\n<p>1. \u0633\u0631\u0639\u0629 \u0642\u0631\u0627\u0621\u0629 \u062f\u0642\u064a\u0642\u0629 \u0633\u0631\u064a\u0639\u0629: \u0642\u062f\u0631\u0629 \u0641\u0643 \u062a\u0634\u0641\u064a\u0631 \u0641\u0627\u0626\u0642\u0629 \u0644\u0648\u062d\u062f\u0629 \u0627\u0644\u0645\u0639\u0627\u0644\u062c\u0629 \u0627\u0644\u0645\u0631\u0643\u0632\u064a\u0629 32 \u0628\u062a \u0628\u062d\u064a\u062b \u064a\u0645\u0643\u0646 \u0623\u0646 \u062a\u0635\u0644 \u0627\u0644\u0633\u0631\u0639\u0629 \u0625\u0644\u0649 200 \/ \u062b\u0627\u0646\u064a\u0629.<\/p>\n<p>2. \u062a\u0648\u0641\u064a\u0631 25 \u0646\u0648\u0639\u0627 \u0645\u0646 \u0627\u0644\u0644\u063a\u0627\u062a (\u064a\u0631\u062c\u0649 \u0627\u0644\u0643\u062a\u0627\u0628\u0629 \u0625\u0644\u0649 \u062e\u062f\u0645\u0629 \u0627\u0644\u0639\u0645\u0644\u0627\u0621 \u0644\u062f\u064a\u0646\u0627 \u0625\u0630\u0627 \u0643\u0646\u062a \u0628\u062d\u0627\u062c\u0629 \u0625\u0644\u0649 \u062a\u0639\u0644\u064a\u0645\u0627\u062a \u0625\u0633\u0628\u0627\u0646\u064a\u0629 \u0648\u0623\u0644\u0645\u0627\u0646\u064a\u0629 \u0648\u0641\u0631\u0646\u0633\u064a\u0629 \u0648\u0625\u064a\u0637\u0627\u0644\u064a\u0629 \u0648\u064a\u0627\u0628\u0627\u0646\u064a\u0629 \u064a\u0645\u0643\u0646\u0646\u0627 \u062a\u0648\u0641\u064a\u0631 \u062f\u0644\u064a\u0644 PDF \u0644\u0643).<\/p>\n<p>3. \u0625\u0636\u0627\u0641\u0629 \u0628\u0627\u062f\u0626\u0627\u062a \/ \u0644\u0627\u062d\u0642\u0627\u062a \u0645\u062e\u0635\u0635\u0629 \u060c \u0648\u062d\u0630\u0641 \u0627\u0644\u0623\u062d\u0631\u0641. \u0625\u0636\u0627\u0641\u0629 \u0645\u0641\u0627\u062a\u064a\u062d \/ \u0645\u062c\u0645\u0648\u0639\u0627\u062a \u0644\u0648\u062d\u0629 \u0627\u0644\u0645\u0641\u0627\u062a\u064a\u062d (\u0639\u0644\u0627\u0645\u0629 \u062a\u0628\u0648\u064a\u0628 \u0627\u0644\u0641\u0627\u0635\u0644 \u060c CR &amp;FLF \u060c \u0625\u0644\u062e.)<\/p>\n<p>4. \u0627\u0644\u0627\u0633\u062a\u062e\u062f\u0627\u0645 \u0639\u0644\u0649 \u0646\u0637\u0627\u0642 \u0648\u0627\u0633\u0639: \u064a\u0645\u0643\u0646 \u0627\u0633\u062a\u062e\u062f\u0627\u0645 \u0645\u0627\u0633\u062d \u0627\u0644\u0628\u0627\u0631\u0643\u0648\u062f \u0647\u0630\u0627 \u0627\u0644\u0645\u0642\u0628\u0636 \u0644\u0644\u062a\u062e\u0632\u064a\u0646 \u060c \u0627\u0644\u0633\u0648\u0628\u0631 \u0645\u0627\u0631\u0643\u062a \u060c \u0627\u0644\u0645\u0633\u062a\u0648\u062f\u0639 \u060c \u0627\u0644\u062e\u062f\u0645\u0627\u062a \u0627\u0644\u0644\u0648\u062c\u0633\u062a\u064a\u0629 \u060c \u0627\u0644\u0645\u0643\u062a\u0628\u0629 \u060c \u0627\u0644\u0645\u0633\u062a\u0634\u0641\u0649 \u060c \u0627\u0644\u0645\u0633\u062a\u0648\u062f\u0639<\/p>\n<p>\u0645\u0644\u0627\u062d\u0638\u0629 \u0647\u0627\u0645\u0629:<br \/>\n1. \u0625\u0630\u0627 \u0643\u0646\u062a \u062a\u0633\u062a\u062e\u062f\u0645 \u0644\u0648\u062d\u0629 \u0627\u0644\u0645\u0641\u0627\u062a\u064a\u062d \u0627\u0644\u0641\u0639\u0644\u064a\u0629 \u0627\u0644\u0623\u0645\u0631\u064a\u0643\u064a\u0629 \u060c \u0641\u062a\u0623\u0643\u062f \u0645\u0646 \u0623\u0646 \u0644\u063a\u0629 \u0627\u0644\u0646\u0627\u0641\u0630\u0629 \u0647\u064a \u0627\u0644\u0648\u0644\u0627\u064a\u0627\u062a \u0627\u0644\u0645\u062a\u062d\u062f\u0629. \u0625\u0630\u0627 \u0643\u0646\u062a \u062a\u0633\u062a\u062e\u062f\u0645 \u0644\u0648\u062d\u0629 \u0627\u0644\u0645\u0641\u0627\u062a\u064a\u062d \u0627\u0644\u0641\u0639\u0644\u064a\u0629 \u0641\u064a \u0623\u0644\u0645\u0627\u0646\u064a\u0627 \u060c \u0641\u062a\u0623\u0643\u062f \u0645\u0646 \u0623\u0646 \u0644\u063a\u0629 \u0627\u0644\u0646\u0627\u0641\u0630\u0629 \u0647\u064a DE \u0648\u0625\u0644\u0627 \u0641\u0625\u0646 \u0627\u0644\u0628\u064a\u0627\u0646\u0627\u062a \u0627\u0644\u0646\u0627\u062a\u062c\u0629 \u0633\u062a\u0643\u0648\u0646 \u063a\u064a\u0631 \u0635\u062d\u064a\u062d\u0629.<\/p>\n<p>2. \u0642\u0628\u0644 \u0627\u0633\u062a\u062e\u062f\u0627\u0645 \u0627\u0644\u0645\u0627\u0633\u062d \u0627\u0644\u0636\u0648\u0626\u064a \u0644\u0645\u0633\u062d \u0631\u0645\u0648\u0632 2D \u0645\u0639 \u062d\u0631\u0641 \u062e\u0627\u0635 \u0645\u062b\u0644 \u00f3 \u00e9 \u00e1 \u00fc \u00e4 \u00df \u0627\u0644\u062e \u062a\u062d\u062a\u0627\u062c \u0625\u0644\u0649 \u062a\u062b\u0628\u064a\u062a \u0628\u0631\u0646\u0627\u0645\u062c \u0627\u0644\u062a\u0634\u063a\u064a\u0644. \u064a\u0645\u0643\u0646\u0643 \u062a\u0646\u0632\u064a\u0644\u0647 \u0645\u0646 \u0645\u0648\u0642\u0639\u0646\u0627 \u0627\u0644\u0631\u0633\u0645\u064a \u0623\u0648 \u0627\u0644\u0627\u062a\u0635\u0627\u0644 \u0628\u0646\u0627 \u0644\u0644\u062d\u0635\u0648\u0644 \u0639\u0644\u0649 \u0627\u0644\u0645\u0633\u0627\u0639\u062f\u0629.https:\/\/gzxlscan.com\/downloads\/<\/p>\n<p>\u0645\u0644\u0627\u0645\u062d<br \/>\n1. \u0628\u0639\u0636 \u0623\u0646\u0648\u0627\u0639 \u0627\u0644\u0628\u0627\u0631\u0643\u0648\u062f \u0644\u0627 \u064a\u0645\u0643\u0646 \u0641\u0643 \u062a\u0634\u0641\u064a\u0631\u0647\u0627 \u0628\u0648\u0627\u0633\u0637\u0629 \u0647\u0630\u0627 \u0627\u0644\u0645\u0627\u0633\u062d \u0627\u0644\u0636\u0648\u0626\u064a \u0627\u0644\u0633\u0644\u0643\u064a 2D \u0642\u0628\u0644 \u0628\u0631\u0645\u062c\u062a\u0647. \u0641\u064a \u0647\u0630\u0647 \u0627\u0644\u062d\u0627\u0644\u0629 \u060c \u064a\u0631\u062c\u0649 \u0627\u0644\u0627\u062a\u0635\u0627\u0644 \u0628\u0646\u0627 \u0644\u0644\u062d\u0635\u0648\u0644 \u0639\u0644\u0649 \u0627\u0644\u0631\u0645\u0648\u0632 \u0627\u0644\u0634\u0631\u064a\u0637\u064a\u0629 \u0644\u0644\u0623\u0645\u0631 \u0644\u062a\u0645\u0643\u064a\u0646 \u0627\u0644\u0645\u0627\u0633\u062d \u0627\u0644\u0636\u0648\u0626\u064a \u0645\u0646 \u0642\u0631\u0627\u0621\u062a\u0647\u0627.<\/p>\n<p>2. \u064a\u0645\u0643\u0646 \u0628\u0631\u0645\u062c\u0629 \u0627\u0644\u0645\u0627\u0633\u062d \u0627\u0644\u0636\u0648\u0626\u064a \u0644\u064a\u0643\u0648\u0646 \u0644\u0647 \u0628\u0627\u062f\u0626\u0629 \u0623\u0648 \u0644\u0627\u062d\u0642\u0629 \u060c \u062d\u062a\u0649 \u0644\u0648 \u0642\u0645\u062a \u0628\u0625\u0636\u0627\u0641\u062a\u0647 \u0641\u0642\u0637 \u0625\u0644\u0649 \u0623\u0646\u0648\u0627\u0639 \u0645\u062d\u062f\u062f\u0629 \u0645\u0646 \u0627\u0644\u0631\u0645\u0648\u0632 \u0627\u0644\u0634\u0631\u064a\u0637\u064a\u0629 \u0623\u0648 \u0625\u0636\u0627\u0641\u0629 \u0628\u0627\u062f\u0626\u0629 \u0645\u062e\u062a\u0644\u0641\u0629 \u0645\u0646 \u0627\u0644\u0644\u0627\u062d\u0642\u0629 \u0625\u0644\u0649 \u0623\u0646\u0648\u0627\u0639 \u0645\u062e\u062a\u0644\u0641\u0629 \u0645\u0646 \u0627\u0644\u0631\u0645\u0648\u0632 \u0627\u0644\u0634\u0631\u064a\u0637\u064a\u0629.<\/p>\n<p>3. \u0627\u0644\u0645\u0627\u0633\u062d \u0627\u0644\u0636\u0648\u0626\u064a \u0644\u064a\u0633 \u0641\u0642\u0637 \u0641\u0643 \u062a\u0634\u0641\u064a\u0631 \u0645\u0635\u0641\u0648\u0641\u0629 \u0627\u0644\u0628\u064a\u0627\u0646\u0627\u062a \u0627\u0644\u0645\u0631\u0628\u0639\u0629 \u0648\u0644\u0643\u0646 \u0623\u064a\u0636\u0627 \u0645\u0635\u0641\u0648\u0641\u0629 \u0628\u064a\u0627\u0646\u0627\u062a \u0645\u0633\u062a\u0637\u064a\u0644\u0629.<\/p>\n<p>\u0627\u0644\u0631\u0645\u0648\u0632:<\/p>\n<p>1D: UPC A \/ UPC E \u060c EAN 8 \/ EAN 13 \u060c \u0627\u0644\u0643\u0648\u062f 128 \u060c \u0627\u0644\u0643\u0648\u062f 39 \u060c \u0627\u0644\u0643\u0648\u062f 93 \u060c \u0627\u0644\u0643\u0648\u062f 32 \u060c \u0627\u0644\u0631\u0645\u0632 11 \u060c \u0643\u0648\u062f\u0627\u0628\u0627\u0631 \u060c \u0628\u0644\u064a\u0633\u064a \u060c \u0645\u0639\u0634\u0642 2 \u0645\u0646 5 \u060c IATA 2 \u0645\u0646 5 \u060c \u0645\u0635\u0641\u0648\u0641\u0629 2 \u0645\u0646 5 \u060c \u0645\u0633\u062a\u0642\u064a\u0645 2 \u0645\u0646 5 \u060c Pharmacode \u060c RSS-14 \u060c RSS-14 \u0627\u0644\u0645\u0648\u0633\u0639 \u060c RSS-14 Limited \u060c \u0627\u0644\u0643\u0648\u062f \u0627\u0644\u0645\u0631\u0643\u0628 -A \u060c \u0627\u0644\u0631\u0645\u0632 \u0627\u0644\u0645\u0631\u0643\u0628 -B \u060c \u0627\u0644\u0631\u0645\u0632 \u0627\u0644\u0645\u0631\u0643\u0628<\/p>\n<p>2D: PDF417 \u060c Micro PDF417 \u060c \u0645\u0635\u0641\u0648\u0641\u0629 \u0627\u0644\u0628\u064a\u0627\u0646\u0627\u062a \u060c \u0631\u0645\u0632 \u0627\u0644\u0627\u0633\u062a\u062c\u0627\u0628\u0629 \u0627\u0644\u0633\u0631\u064a\u0639\u0629 \u060c Micro QR \u060c Azt<\/p>\n","protected":false},"excerpt":{"rendered":"<p>USB \u0627\u0644\u0633\u0644\u0643\u064a\u0629 QR \u0627\u0644\u0645\u0627\u0633\u062d \u0627\u0644\u0636\u0648\u0626\u064a \u060c 1D \u0648 2D \u0642\u0627\u0631\u0626 \u0627\u0644\u0628\u0627\u0631\u0643\u0648\u062f \u0644\u0645\u0627\u0630\u0627 \u062a\u062e\u062a\u0627\u0631 \u0645\u0627\u0633\u062d \u0627\u0644\u0628\u0627\u0631\u0643\u0648\u062f \u0627\u0644\u0644\u0627\u0633\u0644\u0643\u064a PANZER\u061f 1. \u0633\u0631\u0639\u0629 \u0642\u0631\u0627\u0621\u0629 \u062f\u0642\u064a\u0642\u0629 \u0633\u0631\u064a\u0639\u0629: \u0642\u062f\u0631\u0629 \u0641\u0643 \u062a\u0634\u0641\u064a\u0631 \u0641\u0627\u0626\u0642\u0629 \u0644\u0648\u062d\u062f\u0629 \u0627\u0644\u0645\u0639\u0627\u0644\u062c\u0629 \u0627\u0644\u0645\u0631\u0643\u0632\u064a\u0629 32 \u0628\u062a \u0628\u062d\u064a\u062b \u064a\u0645\u0643\u0646 \u0623\u0646 \u062a\u0635\u0644 \u0627\u0644\u0633\u0631\u0639\u0629 \u0625\u0644\u0649 200 \/ \u062b\u0627\u0646\u064a\u0629. 2. \u062a\u0648\u0641\u064a\u0631 25 \u0646\u0648\u0639\u0627 \u0645\u0646 \u0627\u0644\u0644\u063a\u0627\u062a (\u064a\u0631\u062c\u0649 \u0627\u0644\u0643\u062a\u0627\u0628\u0629 \u0625\u0644\u0649 \u062e\u062f\u0645\u0629 \u0627\u0644\u0639\u0645\u0644\u0627\u0621 \u0644\u062f\u064a\u0646\u0627 \u0625\u0630\u0627 \u0643\u0646\u062a \u0628\u062d\u0627\u062c\u0629 [&hellip;]<\/p>\n","protected":false},"featured_media":6991,"template":"","meta":{"content-type":""},"product_brand":[],"product_cat":[107],"product_tag":[],"class_list":{"0":"post-7997","1":"product","2":"type-product","3":"status-publish","4":"has-post-thumbnail","6":"product_cat-barcode-scanner-ar","8":"first","9":"instock","10":"shipping-taxable","11":"purchasable","12":"product-type-simple"},"_links":{"self":[{"href":"https:\/\/stiraq.com\/ar\/wp-json\/wp\/v2\/product\/7997","targetHints":{"allow":["GET"]}}],"collection":[{"href":"https:\/\/stiraq.com\/ar\/wp-json\/wp\/v2\/product"}],"about":[{"href":"https:\/\/stiraq.com\/ar\/wp-json\/wp\/v2\/types\/product"}],"wp:featuredmedia":[{"embeddable":true,"href":"https:\/\/stiraq.com\/ar\/wp-json\/wp\/v2\/media\/6991"}],"wp:attachment":[{"href":"https:\/\/stiraq.com\/ar\/wp-json\/wp\/v2\/media?parent=7997"}],"wp:term":[{"taxonomy":"product_brand","embeddable":true,"href":"https:\/\/stiraq.com\/ar\/wp-json\/wp\/v2\/product_brand?post=7997"},{"taxonomy":"product_cat","embeddable":true,"href":"https:\/\/stiraq.com\/ar\/wp-json\/wp\/v2\/product_cat?post=7997"},{"taxonomy":"product_tag","embeddable":true,"href":"https:\/\/stiraq.com\/ar\/wp-json\/wp\/v2\/product_tag?post=7997"}],"curies":[{"name":"wp","href":"https:\/\/api.w.org\/{rel}","templated":true}]}}